{"id":14,"date":"2021-06-13T17:26:54","date_gmt":"2021-06-13T15:26:54","guid":{"rendered":"http:\/\/hitecy.store\/?page_id=14"},"modified":"2021-08-04T21:38:30","modified_gmt":"2021-08-04T19:38:30","slug":"accueil","status":"publish","type":"page","link":"https:\/\/hitecy.com\/","title":{"rendered":"Agence d\u2019expertise Retail et partenaire Cegid"},"content":{"rendered":"\n<h1>Omnichannel et Magasins<\/h1>\n\n\n\n<p>HITECY est historiquement un \u00e9diteur de progiciel d\u00e9di\u00e9 au point de vente depuis 2005.<br>Des clients prestigieux nous ont fait confiance comme Fauchon, La Conserverie la belle-iloise, Pilivuyt ou Chez papa.<br>Pour continuer \u00e0 apporter \u00e0 nos clients la meilleure exp\u00e9rience et les accompagner dans leur expansion \u00e0 l\u2019\u00e9tranger nous nous sommes rapproch\u00e9s de Cegid, leader europ\u00e9en et dans le top 4 mondial.<br>Depuis septembre 2018, l\u2019ensemble de nos offres retail reposent sur la solution Y2 de Cegid.<\/p>\n","protected":false},"excerpt":{"rendered":"<p>Omnichannel et Magasins HITECY est historiquement un \u00e9diteur de progiciel d\u00e9di\u00e9 au point de vente depuis 2005.Des clients prestigieux nous &hellip; <\/p>\n","protected":false},"author":1,"featured_media":21,"parent":0,"menu_order":0,"comment_status":"closed","ping_status":"closed","template":"","meta":[],"_links":{"self":[{"href":"https:\/\/hitecy.com\/index.php\/wp-json\/wp\/v2\/pages\/14"}],"collection":[{"href":"https:\/\/hitecy.com\/index.php\/wp-json\/wp\/v2\/pages"}],"about":[{"href":"https:\/\/hitecy.com\/index.php\/wp-json\/wp\/v2\/types\/page"}],"author":[{"embeddable":true,"href":"https:\/\/hitecy.com\/index.php\/wp-json\/wp\/v2\/users\/1"}],"replies":[{"embeddable":true,"href":"https:\/\/hitecy.com\/index.php\/wp-json\/wp\/v2\/comments?post=14"}],"version-history":[{"count":4,"href":"https:\/\/hitecy.com\/index.php\/wp-json\/wp\/v2\/pages\/14\/revisions"}],"predecessor-version":[{"id":417,"href":"https:\/\/hitecy.com\/index.php\/wp-json\/wp\/v2\/pages\/14\/revisions\/417"}],"wp:featuredmedia":[{"embeddable":true,"href":"https:\/\/hitecy.com\/index.php\/wp-json\/wp\/v2\/media\/21"}],"wp:attachment":[{"href":"https:\/\/hitecy.com\/index.php\/wp-json\/wp\/v2\/media?parent=14"}],"curies":[{"name":"wp","href":"https:\/\/api.w.org\/{rel}","templated":true}]}}