{"id":175,"date":"2021-06-15T11:56:26","date_gmt":"2021-06-15T09:56:26","guid":{"rendered":"http:\/\/hitecy.store\/?page_id=175"},"modified":"2021-07-15T12:31:34","modified_gmt":"2021-07-15T10:31:34","slug":"omnicanalite-phygital","status":"publish","type":"page","link":"https:\/\/hitecy.com\/index.php\/omnicanalite-phygital\/","title":{"rendered":"Omnicanalit\u00e9 \/ Phygital"},"content":{"rendered":"\n<div class=\"wp-block-image\"><figure class=\"alignright size-full is-resized\"><img loading=\"lazy\" src=\"http:\/\/hitecy.store\/wp-content\/uploads\/2021\/07\/anim-omni1-01.jpg\" alt=\"\" class=\"wp-image-316\" width=\"268\" height=\"345\" srcset=\"https:\/\/hitecy.com\/wp-content\/uploads\/2021\/07\/anim-omni1-01.jpg 1073w, https:\/\/hitecy.com\/wp-content\/uploads\/2021\/07\/anim-omni1-01-233x300.jpg 233w, https:\/\/hitecy.com\/wp-content\/uploads\/2021\/07\/anim-omni1-01-797x1024.jpg 797w, https:\/\/hitecy.com\/wp-content\/uploads\/2021\/07\/anim-omni1-01-768x987.jpg 768w, https:\/\/hitecy.com\/wp-content\/uploads\/2021\/07\/anim-omni1-01-47x60.jpg 47w\" sizes=\"(max-width: 268px) 100vw, 268px\" \/><\/figure><\/div>\n\n\n\n<div class=\"wp-block-columns\">\n<div class=\"wp-block-column\" style=\"flex-basis:100%\">\n<div class=\"wp-block-group\"><div class=\"wp-block-group__inner-container\">\n<p class=\"has-text-align-left\">Optez pour des solutions sur-mesure pour accompagner votre transformation l&rsquo;omnicanal. Alliez la commodit\u00e9 et la rapidit\u00e9 de la vente en ligne avec l&rsquo;exp\u00e9rience de vos points de ventes gr\u00e2ce \u00e0 l&rsquo;omnicanalit\u00e9 . G\u00e9rer tous les flux d&rsquo;informations que g\u00e9n\u00e8re votre entreprise au sein d&rsquo;une m\u00eame plateforme.<\/p>\n\n\n\n<hr class=\"wp-block-separator\"\/>\n<\/div><\/div>\n<\/div>\n<\/div>\n\n\n\n<h1>Le phygital<\/h1>\n\n\n\n<h3><strong>PHYGITAL<\/strong>: L&rsquo;alliance du digital et du physique<\/h3>\n\n\n\n<p>Le phygital consiste \u00e0 r\u00e9aliser un couplage entre l&rsquo;univers physique et num\u00e9rique d&rsquo;une m\u00eame marque.  L&rsquo;objectif \u00e9tant de tirer profit du meilleur des deux mondes pour proposer aux clients des exp\u00e9riences simplifi\u00e9es et personnalis\u00e9es. Afin de r\u00e9volutionner les achats, nous proposons un ensemble de fonctionnalit\u00e9s orient\u00e9s sur les besoins du consommateur \u00e0 d\u00e9ployer en magasin.<\/p>\n\n\n\n<hr class=\"wp-block-separator\"\/>\n\n\n\n<h1>L&rsquo;omnicanalit\u00e9<\/h1>\n\n\n\n<h3>L\u2019omnicanalit\u00e9 : La strat\u00e9gie gagnante pour le retail<\/h3>\n\n\n\n<p>Collecter et analyser les donn\u00e9es clients issues de l\u2019ensemble des canaux de ventes, vous en avez r\u00eav\u00e9, l&rsquo;omnicanal l&rsquo;a fait !<br>En mettant le client au centre de sa strat\u00e9gie l\u2019omnicanal est devenu la base de la r\u00e9ussite dans le domaine du retail.<br>Proposez une exp\u00e9rience d\u2019achat sans faille \u00e0 vos consommateurs \u00e0 travers l&rsquo;observation et l&rsquo;analyse des comportements du client puis l&rsquo;engagement de mani\u00e8re proactive via tous les canaux disponibles.<br><br>Gr\u00e2ce \u00e0 l&rsquo;omnicanale, vous vous adapterez aux nouvelles habitudes de consommation des consommateurs ainsi qu&rsquo;aux avanc\u00e9es technologiques vos clients profiteront ainsi de plus de transparence, quels que soient les canaux qu\u2019ils pr\u00e9f\u00e8rent utiliser.<\/p>\n","protected":false},"excerpt":{"rendered":"<p>Le phygital PHYGITAL: L&rsquo;alliance du digital et du physique Le phygital consiste \u00e0 r\u00e9aliser un couplage entre l&rsquo;univers physique et &hellip; <\/p>\n","protected":false},"author":1,"featured_media":0,"parent":0,"menu_order":0,"comment_status":"closed","ping_status":"closed","template":"","meta":[],"_links":{"self":[{"href":"https:\/\/hitecy.com\/index.php\/wp-json\/wp\/v2\/pages\/175"}],"collection":[{"href":"https:\/\/hitecy.com\/index.php\/wp-json\/wp\/v2\/pages"}],"about":[{"href":"https:\/\/hitecy.com\/index.php\/wp-json\/wp\/v2\/types\/page"}],"author":[{"embeddable":true,"href":"https:\/\/hitecy.com\/index.php\/wp-json\/wp\/v2\/users\/1"}],"replies":[{"embeddable":true,"href":"https:\/\/hitecy.com\/index.php\/wp-json\/wp\/v2\/comments?post=175"}],"version-history":[{"count":13,"href":"https:\/\/hitecy.com\/index.php\/wp-json\/wp\/v2\/pages\/175\/revisions"}],"predecessor-version":[{"id":348,"href":"https:\/\/hitecy.com\/index.php\/wp-json\/wp\/v2\/pages\/175\/revisions\/348"}],"wp:attachment":[{"href":"https:\/\/hitecy.com\/index.php\/wp-json\/wp\/v2\/media?parent=175"}],"curies":[{"name":"wp","href":"https:\/\/api.w.org\/{rel}","templated":true}]}}