{"id":177,"date":"2021-06-15T11:56:26","date_gmt":"2021-06-15T09:56:26","guid":{"rendered":"http:\/\/hitecy.store\/?page_id=177"},"modified":"2021-06-15T14:49:52","modified_gmt":"2021-06-15T12:49:52","slug":"cegid-partners","status":"publish","type":"page","link":"https:\/\/hitecy.com\/index.php\/cegid-partners\/","title":{"rendered":"Cegid Partners"},"content":{"rendered":"\n<p>Les \u00e9quipes de CEGID travaillent en \u00e9troite collaboration avec le client &amp; les utilisateurs CEGID afin d\u2019apporter les meilleures r\u00e9ponses aux nouveaux besoins en utilisant le meilleur des technologies pour rendre l\u2019exp\u00e9rience utilisateurs la plus optimis\u00e9es possible.<\/p>\n\n\n\n<p>Avec une Roadmap d\u2019\u00e9volutions d\u00e9finies plusieurs ann\u00e9es en avances, une R&amp;D en charge de travailler sur les nouvelles technologies comme la blockchaine, CEGID offre une garantie non seulement de stabilit\u00e9 mais d\u2019innovation dans la dur\u00e9e.<\/p>\n","protected":false},"excerpt":{"rendered":"<p>Les \u00e9quipes de CEGID travaillent en \u00e9troite collaboration avec le client &amp; les utilisateurs CEGID afin d\u2019apporter les meilleures r\u00e9ponses &hellip; <\/p>\n","protected":false},"author":1,"featured_media":0,"parent":0,"menu_order":0,"comment_status":"closed","ping_status":"closed","template":"","meta":[],"_links":{"self":[{"href":"https:\/\/hitecy.com\/index.php\/wp-json\/wp\/v2\/pages\/177"}],"collection":[{"href":"https:\/\/hitecy.com\/index.php\/wp-json\/wp\/v2\/pages"}],"about":[{"href":"https:\/\/hitecy.com\/index.php\/wp-json\/wp\/v2\/types\/page"}],"author":[{"embeddable":true,"href":"https:\/\/hitecy.com\/index.php\/wp-json\/wp\/v2\/users\/1"}],"replies":[{"embeddable":true,"href":"https:\/\/hitecy.com\/index.php\/wp-json\/wp\/v2\/comments?post=177"}],"version-history":[{"count":2,"href":"https:\/\/hitecy.com\/index.php\/wp-json\/wp\/v2\/pages\/177\/revisions"}],"predecessor-version":[{"id":200,"href":"https:\/\/hitecy.com\/index.php\/wp-json\/wp\/v2\/pages\/177\/revisions\/200"}],"wp:attachment":[{"href":"https:\/\/hitecy.com\/index.php\/wp-json\/wp\/v2\/media?parent=177"}],"curies":[{"name":"wp","href":"https:\/\/api.w.org\/{rel}","templated":true}]}}