{"id":192,"date":"2021-06-15T12:02:21","date_gmt":"2021-06-15T10:02:21","guid":{"rendered":"http:\/\/hitecy.store\/?page_id=192"},"modified":"2021-08-05T12:52:06","modified_gmt":"2021-08-05T10:52:06","slug":"ils-nous-font-confiance","status":"publish","type":"page","link":"https:\/\/hitecy.com\/index.php\/ils-nous-font-confiance\/","title":{"rendered":"Ils nous font confiance"},"content":{"rendered":"\n<p>HITECY RETAIL est historiquement un \u00e9diteur de progiciel d\u00e9di\u00e9 au point de vente depuis 2005.<br>Des clients prestigieux nous ont fait confiance comme Fauchon, La Conserverie la belle-iloise, Pilivuyt ou Chez papa.<\/p>\n\n\n\n<div class=\"wp-block-columns\">\n<div class=\"wp-block-column\">\n<figure class=\"wp-block-image size-large\"><img loading=\"lazy\" width=\"500\" height=\"228\" src=\"https:\/\/hitecy.store\/wp-content\/uploads\/2021\/08\/log-klo-gallery2-01.jpg\" alt=\"\" class=\"wp-image-432\" srcset=\"https:\/\/hitecy.com\/wp-content\/uploads\/2021\/08\/log-klo-gallery2-01.jpg 500w, https:\/\/hitecy.com\/wp-content\/uploads\/2021\/08\/log-klo-gallery2-01-300x137.jpg 300w, https:\/\/hitecy.com\/wp-content\/uploads\/2021\/08\/log-klo-gallery2-01-132x60.jpg 132w\" sizes=\"(max-width: 500px) 100vw, 500px\" \/><\/figure>\n<\/div>\n\n\n\n<div class=\"wp-block-column\">\n<figure class=\"wp-block-image size-large\"><img loading=\"lazy\" width=\"500\" height=\"226\" src=\"https:\/\/hitecy.store\/wp-content\/uploads\/2021\/08\/log-rouje-gallery2-01.jpg\" alt=\"\" class=\"wp-image-434\" srcset=\"https:\/\/hitecy.com\/wp-content\/uploads\/2021\/08\/log-rouje-gallery2-01.jpg 500w, https:\/\/hitecy.com\/wp-content\/uploads\/2021\/08\/log-rouje-gallery2-01-300x136.jpg 300w, https:\/\/hitecy.com\/wp-content\/uploads\/2021\/08\/log-rouje-gallery2-01-133x60.jpg 133w\" sizes=\"(max-width: 500px) 100vw, 500px\" \/><\/figure>\n<\/div>\n\n\n\n<div class=\"wp-block-column\">\n<figure class=\"wp-block-image size-large\"><img loading=\"lazy\" width=\"500\" height=\"250\" src=\"https:\/\/hitecy.store\/wp-content\/uploads\/2021\/08\/11220060_1637631639787406_771327034965176789_n2.jpg\" alt=\"\" class=\"wp-image-435\" srcset=\"https:\/\/hitecy.com\/wp-content\/uploads\/2021\/08\/11220060_1637631639787406_771327034965176789_n2.jpg 500w, https:\/\/hitecy.com\/wp-content\/uploads\/2021\/08\/11220060_1637631639787406_771327034965176789_n2-300x150.jpg 300w, https:\/\/hitecy.com\/wp-content\/uploads\/2021\/08\/11220060_1637631639787406_771327034965176789_n2-120x60.jpg 120w\" sizes=\"(max-width: 500px) 100vw, 500px\" \/><\/figure>\n<\/div>\n<\/div>\n\n\n\n<div class=\"wp-block-columns\">\n<div class=\"wp-block-column\">\n<p>KLO est un nouveau sp\u00e9cialiste du d\u00e9stockage de produits de marque proposant aujourd\u2019hui dans ses 25 magasins pas moins de 5 000 r\u00e9f\u00e9rences de plus de 400 marques.<\/p>\n\n\n\n<p>Comme toutes entreprises modernes alliant sa vente en ligne et en points de ventes avec son r\u00e9seau de gestion , KLO \u00e0 phygitaliser ses ventes. Dans le cadre de sa phygitalisation, l\u2019entreprise n\u00e9cessite de former son personnel \u00e0 un mat\u00e9riel de pointe que HITECY RETAIL lui \u00e0 fournis.<\/p>\n\n\n\n<p><a href=\"https:\/\/hitecy.store\/index.php\/2021\/06\/29\/klo\/\" data-type=\"URL\" data-id=\"https:\/\/hitecy.store\/index.php\/2021\/06\/29\/klo\/\">Continuer la lecture&#8230;<\/a><\/p>\n<\/div>\n\n\n\n<div class=\"wp-block-column\">\n<p>e magna aliquam erat volutpat. Ut wisi enim ad minim veniam, quis nostrud exerci.<\/p>\n\n\n\n<p>tation ullamcorper suscipit lobortis nisl ut aliquip ex ea commodo consequat. Duis autem vel eum iriure dolor in hendrerit in vulputate velit esse molestie consequat, vel illum dolore eu feugiat nulla facilisis at vero eros et accumsan et iusto odio dignissim qui blandit praesent luptatum zzril delenit augue duis dolore te feugait nulla facilisi.<\/p>\n<\/div>\n\n\n\n<div class=\"wp-block-column\">\n<p>e magna aliquam erat volutpat. Ut wisi enim ad minim veniam, quis nostrud exerci.<\/p>\n\n\n\n<p>tation ullamcorper suscipit lobortis nisl ut aliquip ex ea commodo consequat. Duis autem vel eum iriure dolor in hendrerit in vulputate velit esse molestie consequat, vel illum dolore eu feugiat nulla facilisis at vero eros et accumsan et iusto odio dignissim qui blandit praesent luptatum zzril delenit augue duis dolore te feugait nulla facilisi.<\/p>\n<\/div>\n<\/div>\n\n\n\n<div class=\"wp-block-columns\">\n<div class=\"wp-block-column\"><\/div>\n\n\n\n<div class=\"wp-block-column\"><\/div>\n\n\n\n<div class=\"wp-block-column\"><\/div>\n<\/div>\n","protected":false},"excerpt":{"rendered":"<p>HITECY RETAIL est historiquement un \u00e9diteur de progiciel d\u00e9di\u00e9 au point de vente depuis 2005.Des clients prestigieux nous ont fait &hellip; <\/p>\n","protected":false},"author":1,"featured_media":0,"parent":0,"menu_order":0,"comment_status":"closed","ping_status":"closed","template":"","meta":[],"_links":{"self":[{"href":"https:\/\/hitecy.com\/index.php\/wp-json\/wp\/v2\/pages\/192"}],"collection":[{"href":"https:\/\/hitecy.com\/index.php\/wp-json\/wp\/v2\/pages"}],"about":[{"href":"https:\/\/hitecy.com\/index.php\/wp-json\/wp\/v2\/types\/page"}],"author":[{"embeddable":true,"href":"https:\/\/hitecy.com\/index.php\/wp-json\/wp\/v2\/users\/1"}],"replies":[{"embeddable":true,"href":"https:\/\/hitecy.com\/index.php\/wp-json\/wp\/v2\/comments?post=192"}],"version-history":[{"count":13,"href":"https:\/\/hitecy.com\/index.php\/wp-json\/wp\/v2\/pages\/192\/revisions"}],"predecessor-version":[{"id":438,"href":"https:\/\/hitecy.com\/index.php\/wp-json\/wp\/v2\/pages\/192\/revisions\/438"}],"wp:attachment":[{"href":"https:\/\/hitecy.com\/index.php\/wp-json\/wp\/v2\/media?parent=192"}],"curies":[{"name":"wp","href":"https:\/\/api.w.org\/{rel}","templated":true}]}}