{"id":72,"date":"2021-06-13T17:35:17","date_gmt":"2021-06-13T15:35:17","guid":{"rendered":"http:\/\/hitecy.store\/?page_id=72"},"modified":"2021-08-23T09:30:57","modified_gmt":"2021-08-23T07:30:57","slug":"hitecy-cegid-retail","status":"publish","type":"page","link":"https:\/\/hitecy.com\/index.php\/hitecy-cegid-retail\/","title":{"rendered":"HITECY | CEGID RETAIL"},"content":{"rendered":"\n<p>Nos experts et nos consultants vous accompagnent tout au long de votre projet retail pour vous fournir le conseil et l\u2019assistance technique n\u00e9cessaires \u00e0 leur bonne r\u00e9alisation. Vous disposez ainsi de solutions sur mesure et souples pour garantir la r\u00e9ussite de la mise en \u0153uvre op\u00e9rationnel de la solution Cegid Retail.<\/p>\n\n\n\n<p>Nous travaillons avec vous pour d\u00e9finir nos engagements de comp\u00e9tences et de pilotage afin de r\u00e9pondre \u00e0 vos enjeux de co\u00fbt-qualit\u00e9-d\u00e9lai notamment au travers d\u2019un cahier des charges. Nous vous livrons un r\u00e9sultat clef en main conforme \u00e0 votre demande et \u00e0 nos engagements. Nos \u00e9quipes de pilotage (anim\u00e9e par un Delivery Manager) et notre culture agile nous permettent de partager ensemble l\u2019avancement du projet et ses \u00e9volutions futures.<\/p>\n\n\n\n<p>Nous mettons en \u0153uvre parall\u00e8lement, les processus de notre Direction Technique au travers du Plan d\u2019Assurance Qualit\u00e9 (PAQ), d\u2019un document reprenant nos engagement (SLA ou Service Level Agreement) ainsi que de diff\u00e9rents KPI pour assurer la meilleure r\u00e9ussite de votre projet.<\/p>\n\n\n\n<p><\/p>\n\n\n\n<h2>Configuration de la solution Retail<\/h2>\n\n\n\n<p>Notre exp\u00e9rience acquise nous permet de vous proposer des solutions d\u2019optimisation de la phase de configuration de votre solution. Gagnez jusqu\u2019\u00e0 60% de temps de mise en \u0153uvre gr\u00e2ce \u00e0 notre m\u00e9thodologie agile.<\/p>\n","protected":false},"excerpt":{"rendered":"<p>Nos experts et nos consultants vous accompagnent tout au long de votre projet retail pour vous fournir le conseil et &hellip; <\/p>\n","protected":false},"author":1,"featured_media":0,"parent":0,"menu_order":0,"comment_status":"closed","ping_status":"closed","template":"","meta":[],"_links":{"self":[{"href":"https:\/\/hitecy.com\/index.php\/wp-json\/wp\/v2\/pages\/72"}],"collection":[{"href":"https:\/\/hitecy.com\/index.php\/wp-json\/wp\/v2\/pages"}],"about":[{"href":"https:\/\/hitecy.com\/index.php\/wp-json\/wp\/v2\/types\/page"}],"author":[{"embeddable":true,"href":"https:\/\/hitecy.com\/index.php\/wp-json\/wp\/v2\/users\/1"}],"replies":[{"embeddable":true,"href":"https:\/\/hitecy.com\/index.php\/wp-json\/wp\/v2\/comments?post=72"}],"version-history":[{"count":11,"href":"https:\/\/hitecy.com\/index.php\/wp-json\/wp\/v2\/pages\/72\/revisions"}],"predecessor-version":[{"id":444,"href":"https:\/\/hitecy.com\/index.php\/wp-json\/wp\/v2\/pages\/72\/revisions\/444"}],"wp:attachment":[{"href":"https:\/\/hitecy.com\/index.php\/wp-json\/wp\/v2\/media?parent=72"}],"curies":[{"name":"wp","href":"https:\/\/api.w.org\/{rel}","templated":true}]}}