{"id":74,"date":"2021-06-13T17:35:17","date_gmt":"2021-06-13T15:35:17","guid":{"rendered":"http:\/\/hitecy.store\/?page_id=74"},"modified":"2021-08-23T09:45:10","modified_gmt":"2021-08-23T07:45:10","slug":"vos-besoins","status":"publish","type":"page","link":"https:\/\/hitecy.com\/index.php\/vos-besoins\/","title":{"rendered":"Nos solutions RETAIL pour r\u00e9pondre \u00e0 vos besoins"},"content":{"rendered":"\n<h4>Configuration de la solution Y2<\/h4>\n\n\n\n<p>Notre exp\u00e9rience acquise nous permet de vous proposer des solutions d\u2019optimisation de la phase de configuration de votre solution. Gagnez jusqu\u2019\u00e0 60% de temps de mise en \u0153uvre gr\u00e2ce \u00e0 notre m\u00e9thode \u00ab\u00a0agile\u00a0\u00bb<\/p>\n\n\n\n<h4>Personnalisation de la solution Y2<\/h4>\n\n\n\n<p>Au travers de l\u2019outil CBS, et apr\u00e8s avoir mod\u00e9lis\u00e9 vos processus d\u2019entreprise afin de tirer parti des fonctionnalit\u00e9s d\u00e9j\u00e0 existantes, nous pouvons mettre en \u0153uvre des d\u00e9veloppements de fonctions sp\u00e9cifiques \u00e0 votre m\u00e9tier ou processus. Architecture de la solution Y2 : la solution CEGID Y2 est bas\u00e9e sur une architecture SAAS.<\/p>\n\n\n\n<h4>Int\u00e9gration d&rsquo;une plateforme de commerce unifi\u00e9<\/h4>\n\n\n\n<p>Nous mettons \u00e0 votre disposition nos ressources vous permettant de d\u00e9livrer une exp\u00e9rience client unifi\u00e9e, sur tous les canaux, personnalis\u00e9e et \u00ab\u00a0STRESSLESS\u00a0\u00bb \u2013 en toute circonstance, gr\u00e2ce \u00e0 la plateforme de commerce unifi\u00e9 CEGID Retail.<\/p>\n\n\n\n<h4>Migration de vos donn\u00e9es<\/h4>\n\n\n\n<p>Nous avons mis en \u0153uvre un ensemble de processus d\u2019importation de donn\u00e9es pr\u00e9d\u00e9terminer afin d\u2019acc\u00e9l\u00e9rer la reprise de vos donn\u00e9es quelque soit le syst\u00e8me et le format initial.<\/p>\n\n\n\n<h4>Mat\u00e9riel<\/h4>\n\n\n\n<p>Nous avons s\u00e9lectionner pour vous les meilleurs acteurs du march\u00e9 afin de vous assurer la meilleure qualit\u00e9 de service.\u00a0<\/p>\n\n\n\n<h4>Formation<\/h4>\n\n\n\n<p>Afin de vous accompagner, nous avons r\u00e9alis\u00e9 des supports de formations papier et vid\u00e9o afin d\u2019optimiser la phase de formation.<\/p>\n","protected":false},"excerpt":{"rendered":"<p>Configuration de la solution Y2 Notre exp\u00e9rience acquise nous permet de vous proposer des solutions d\u2019optimisation de la phase de &hellip; <\/p>\n","protected":false},"author":1,"featured_media":0,"parent":0,"menu_order":0,"comment_status":"closed","ping_status":"closed","template":"","meta":[],"_links":{"self":[{"href":"https:\/\/hitecy.com\/index.php\/wp-json\/wp\/v2\/pages\/74"}],"collection":[{"href":"https:\/\/hitecy.com\/index.php\/wp-json\/wp\/v2\/pages"}],"about":[{"href":"https:\/\/hitecy.com\/index.php\/wp-json\/wp\/v2\/types\/page"}],"author":[{"embeddable":true,"href":"https:\/\/hitecy.com\/index.php\/wp-json\/wp\/v2\/users\/1"}],"replies":[{"embeddable":true,"href":"https:\/\/hitecy.com\/index.php\/wp-json\/wp\/v2\/comments?post=74"}],"version-history":[{"count":3,"href":"https:\/\/hitecy.com\/index.php\/wp-json\/wp\/v2\/pages\/74\/revisions"}],"predecessor-version":[{"id":448,"href":"https:\/\/hitecy.com\/index.php\/wp-json\/wp\/v2\/pages\/74\/revisions\/448"}],"wp:attachment":[{"href":"https:\/\/hitecy.com\/index.php\/wp-json\/wp\/v2\/media?parent=74"}],"curies":[{"name":"wp","href":"https:\/\/api.w.org\/{rel}","templated":true}]}}